{"id":599,"date":"2023-11-20T11:07:09","date_gmt":"2023-11-20T14:07:09","guid":{"rendered":"https:\/\/financialquality.com.br\/?page_id=599"},"modified":"2023-12-03T18:55:27","modified_gmt":"2023-12-03T21:55:27","slug":"sobre-a-financial-quality","status":"publish","type":"page","link":"https:\/\/financialquality.com.br\/?page_id=599","title":{"rendered":"Sobre a Financial Quality"},"content":{"rendered":"\n<p>A Financial Quality \u00e9 uma empresa prestadora de servi\u00e7os cont\u00e1beis e financeiros especializada no atendimento de Microempreendedores Individuais (MEI), profissionais liberais, aut\u00f4nomos e empresas optantes do Simples Nacional.<br>Nossa miss\u00e3o \u00e9 oferecer um servi\u00e7o personalizado e de qualidade, visando sempre a busca pela informa\u00e7\u00e3o e a integra\u00e7\u00e3o com os nossos clientes mantendo o foco no desenvolvimento e crescimento&nbsp;empresarial.<\/p>\n","protected":false},"excerpt":{"rendered":"<p>A Financial Quality \u00e9 uma empresa prestadora de servi\u00e7os cont\u00e1beis e financeiros especializada no atendimento de Microempreendedores Individuais (MEI), profissionais liberais, aut\u00f4nomos e empresas optantes do Simples Nacional.Nossa miss\u00e3o \u00e9 oferecer um servi\u00e7o personalizado e de qualidade, visando sempre a busca pela informa\u00e7\u00e3o e a integra\u00e7\u00e3o com os nossos clientes mantendo o foco no desenvolvimento [&hellip;]<\/p>\n","protected":false},"author":1,"featured_media":0,"parent":0,"menu_order":0,"comment_status":"closed","ping_status":"closed","template":"","meta":{"om_disable_all_campaigns":false,"_monsterinsights_skip_tracking":false,"_monsterinsights_sitenote_active":false,"_monsterinsights_sitenote_note":"","_monsterinsights_sitenote_category":0,"_uf_show_specific_survey":0,"_uf_disable_surveys":false,"footnotes":""},"class_list":["post-599","page","type-page","status-publish","hentry"],"aioseo_notices":[],"_links":{"self":[{"href":"https:\/\/financialquality.com.br\/index.php?rest_route=\/wp\/v2\/pages\/599","targetHints":{"allow":["GET"]}}],"collection":[{"href":"https:\/\/financialquality.com.br\/index.php?rest_route=\/wp\/v2\/pages"}],"about":[{"href":"https:\/\/financialquality.com.br\/index.php?rest_route=\/wp\/v2\/types\/page"}],"author":[{"embeddable":true,"href":"https:\/\/financialquality.com.br\/index.php?rest_route=\/wp\/v2\/users\/1"}],"replies":[{"embeddable":true,"href":"https:\/\/financialquality.com.br\/index.php?rest_route=%2Fwp%2Fv2%2Fcomments&post=599"}],"version-history":[{"count":2,"href":"https:\/\/financialquality.com.br\/index.php?rest_route=\/wp\/v2\/pages\/599\/revisions"}],"predecessor-version":[{"id":619,"href":"https:\/\/financialquality.com.br\/index.php?rest_route=\/wp\/v2\/pages\/599\/revisions\/619"}],"wp:attachment":[{"href":"https:\/\/financialquality.com.br\/index.php?rest_route=%2Fwp%2Fv2%2Fmedia&parent=599"}],"curies":[{"name":"wp","href":"https:\/\/api.w.org\/{rel}","templated":true}]}}